{"id":78,"date":"2019-09-07T17:50:02","date_gmt":"2019-09-07T15:50:02","guid":{"rendered":"http:\/\/reseau-jannoy.fr\/?page_id=78"},"modified":"2025-03-11T17:11:57","modified_gmt":"2025-03-11T16:11:57","slug":"78-2","status":"publish","type":"page","link":"https:\/\/reseau-jannoy.fr\/","title":{"rendered":"Bienvenue"},"content":{"rendered":"\t\t<div data-elementor-type=\"wp-page\" data-elementor-id=\"78\" class=\"elementor elementor-78\">\n\t\t\t\t\t\t<div class=\"elementor-inner\">\n\t\t\t\t<div class=\"elementor-section-wrap\">\n\t\t\t\t\t\t\t\t\t<section class=\"elementor-section elementor-top-section elementor-element elementor-element-ccf7e6c elementor-section-boxed elementor-section-height-default elementor-section-height-default\" data-id=\"ccf7e6c\" data-element_type=\"section\">\n\t\t\t\t\t\t<div class=\"elementor-container elementor-column-gap-default\">\n\t\t\t\t\t\t\t<div class=\"elementor-row\">\n\t\t\t\t\t<div class=\"elementor-column elementor-col-100 elementor-top-column elementor-element elementor-element-39877920\" data-id=\"39877920\" data-element_type=\"column\">\n\t\t\t<div class=\"elementor-column-wrap elementor-element-populated\">\n\t\t\t\t\t\t\t<div class=\"elementor-widget-wrap\">\n\t\t\t\t\t\t<div class=\"elementor-element elementor-element-760bf2ce elementor-widget elementor-widget-text-editor\" data-id=\"760bf2ce\" data-element_type=\"widget\" data-widget_type=\"text-editor.default\">\n\t\t\t\t<div class=\"elementor-widget-container\">\n\t\t\t\t\t\t\t\t<div class=\"elementor-text-editor elementor-clearfix\">\n\t\t\t\t<p><!-- wp:paragraph --><\/p>\n<p><strong>Constitu\u00e9 d\u2019une \u00e9quipe de consultants-formateurs exp\u00e9riment\u00e9s du secteur social, m\u00e9dico-social et sanitaire, le R\u00e9seau Jannoy<\/strong><\/p>\n<p><!-- \/wp:paragraph --><\/p>\n<p><!-- wp:list --><\/p>\n<ul>\n<li>accompagne vos transformations dans le respect de l\u2019int\u00e9r\u00eat des usagers et de leur pouvoir d\u2019agir ;<\/li>\n<li>soutient les acteurs dans l\u2019adaptation et l\u2019\u00e9volution de leurs pratiques, de leurs comp\u00e9tences et de leurs repr\u00e9sentations ;<\/li>\n<li>anime des s\u00e9minaires de direction et des actions de formation en management strat\u00e9gique et op\u00e9rationnel, adapt\u00e9s \u00e0 vos probl\u00e9matiques organisationnelle et culturelle.<\/li>\n<\/ul>\n<p><!-- \/wp:list --><\/p>\n<p><!-- wp:paragraph --><\/p>\n<p>Au confluent des savoirs th\u00e9oriques, de l\u2019exp\u00e9rience pratique et des approches compar\u00e9es, nos interventions se d\u00e9ploient de la petite enfance \u00e0 la fin de la vie, soutenues par une \u00e9thique visant la promotion des personnes et la construction d\u2019une soci\u00e9t\u00e9 solidaire.<\/p>\n<p><!-- \/wp:paragraph --><\/p>\n<p><!-- wp:paragraph --><\/p>\n<p>Port\u00e9 par un esprit de mutualisation des comp\u00e9tences, de recherche permanente et d\u2019innovation,&nbsp; le R\u00e9seau Jannoy vous propose :&nbsp;<\/p>\n<p><!-- \/wp:paragraph --><\/p>\n<p><!-- wp:list --><\/p>\n<ul>\n<li><strong>Formation <\/strong>: s\u00e9minaire, colloque, action de formation sur site ou inter, &#8230;<\/li>\n<li><strong>Accompagnement et conseil <\/strong>: coaching, accompagnement \u00e0 la conduite de changement, \u00e9laboration et actualisation de projets (associatif, d\u2019\u00e9tablissement et service, personnalis\u00e9), analyse des pratiques professionnelles, accompagnement \u00e0 la participations des usagers, \u2026<\/li>\n<li><strong>Evaluation des ESSMS<\/strong>&nbsp;: \u00e9valuation externe de la d\u00e9marche qualit\u00e9 en ESSMS<\/li>\n<\/ul>\n<p><!-- \/wp:list --><\/p>\t\t\t\t\t<\/div>\n\t\t\t\t\t\t<\/div>\n\t\t\t\t<\/div>\n\t\t\t\t\t\t<\/div>\n\t\t\t\t\t<\/div>\n\t\t<\/div>\n\t\t\t\t\t\t\t\t<\/div>\n\t\t\t\t\t<\/div>\n\t\t<\/section>\n\t\t\t\t<section class=\"elementor-section elementor-top-section elementor-element elementor-element-e75066d elementor-section-boxed elementor-section-height-default elementor-section-height-default\" data-id=\"e75066d\" data-element_type=\"section\">\n\t\t\t\t\t\t<div class=\"elementor-container elementor-column-gap-default\">\n\t\t\t\t\t\t\t<div class=\"elementor-row\">\n\t\t\t\t\t<div class=\"elementor-column elementor-col-50 elementor-top-column elementor-element elementor-element-39395b1\" data-id=\"39395b1\" data-element_type=\"column\">\n\t\t\t<div class=\"elementor-column-wrap elementor-element-populated\">\n\t\t\t\t\t\t\t<div class=\"elementor-widget-wrap\">\n\t\t\t\t\t\t<div class=\"elementor-element elementor-element-cd8bcdf elementor-widget elementor-widget-heading\" data-id=\"cd8bcdf\" data-element_type=\"widget\" data-widget_type=\"heading.default\">\n\t\t\t\t<div class=\"elementor-widget-container\">\n\t\t\t<h2 class=\"elementor-heading-title elementor-size-medium\">Premiere visite de certification Qualiopi le 23 mars 2022.<br>32 crit\u00e8res \u00e0 satisfaire, tous valid\u00e9s d'embl\u00e9e.<br>Certification d\u00e9livr\u00e9e le 31 mars au titre de nos actions de formation.\nCela m\u00e9ritait bien une coupe de champagne !<\/h2>\t\t<\/div>\n\t\t\t\t<\/div>\n\t\t\t\t\t\t<\/div>\n\t\t\t\t\t<\/div>\n\t\t<\/div>\n\t\t\t\t<div class=\"elementor-column elementor-col-50 elementor-top-column elementor-element elementor-element-9321623\" data-id=\"9321623\" data-element_type=\"column\">\n\t\t\t<div class=\"elementor-column-wrap elementor-element-populated\">\n\t\t\t\t\t\t\t<div class=\"elementor-widget-wrap\">\n\t\t\t\t\t\t<div class=\"elementor-element elementor-element-b49776a elementor-widget elementor-widget-image\" data-id=\"b49776a\" data-element_type=\"widget\" data-widget_type=\"image.default\">\n\t\t\t\t<div class=\"elementor-widget-container\">\n\t\t\t\t\t\t\t\t<div class=\"elementor-image\">\n\t\t\t\t\t\t\t\t\t\t\t\t<img width=\"840\" height=\"605\" src=\"https:\/\/reseau-jannoy.fr\/wp-content\/uploads\/2022\/03\/Champagne-23-mars-2022-1024x737.jpg\" class=\"attachment-large size-large\" alt=\"\" loading=\"lazy\" srcset=\"https:\/\/reseau-jannoy.fr\/wp-content\/uploads\/2022\/03\/Champagne-23-mars-2022-1024x737.jpg 1024w, https:\/\/reseau-jannoy.fr\/wp-content\/uploads\/2022\/03\/Champagne-23-mars-2022-300x216.jpg 300w, https:\/\/reseau-jannoy.fr\/wp-content\/uploads\/2022\/03\/Champagne-23-mars-2022-768x552.jpg 768w, https:\/\/reseau-jannoy.fr\/wp-content\/uploads\/2022\/03\/Champagne-23-mars-2022-1536x1105.jpg 1536w, https:\/\/reseau-jannoy.fr\/wp-content\/uploads\/2022\/03\/Champagne-23-mars-2022-2048x1473.jpg 2048w, https:\/\/reseau-jannoy.fr\/wp-content\/uploads\/2022\/03\/Champagne-23-mars-2022-1200x863.jpg 1200w\" sizes=\"(max-width: 709px) 85vw, (max-width: 909px) 67vw, (max-width: 1362px) 62vw, 840px\" \/>\t\t\t\t\t\t\t\t\t\t\t\t\t\t<\/div>\n\t\t\t\t\t\t<\/div>\n\t\t\t\t<\/div>\n\t\t\t\t\t\t<\/div>\n\t\t\t\t\t<\/div>\n\t\t<\/div>\n\t\t\t\t\t\t\t\t<\/div>\n\t\t\t\t\t<\/div>\n\t\t<\/section>\n\t\t\t\t<section class=\"elementor-section elementor-top-section elementor-element elementor-element-c523d1a elementor-section-boxed elementor-section-height-default elementor-section-height-default\" data-id=\"c523d1a\" data-element_type=\"section\">\n\t\t\t\t\t\t<div class=\"elementor-container elementor-column-gap-default\">\n\t\t\t\t\t\t\t<div class=\"elementor-row\">\n\t\t\t\t\t<div class=\"elementor-column elementor-col-100 elementor-top-column elementor-element elementor-element-05ede4f\" data-id=\"05ede4f\" data-element_type=\"column\">\n\t\t\t<div class=\"elementor-column-wrap elementor-element-populated\">\n\t\t\t\t\t\t\t<div class=\"elementor-widget-wrap\">\n\t\t\t\t\t\t\t\t<\/div>\n\t\t\t\t\t<\/div>\n\t\t<\/div>\n\t\t\t\t\t\t\t\t<\/div>\n\t\t\t\t\t<\/div>\n\t\t<\/section>\n\t\t\t\t<section class=\"elementor-section elementor-top-section elementor-element elementor-element-57e0dc6 elementor-section-boxed elementor-section-height-default elementor-section-height-default\" data-id=\"57e0dc6\" data-element_type=\"section\">\n\t\t\t\t\t\t<div class=\"elementor-container elementor-column-gap-default\">\n\t\t\t\t\t\t\t<div class=\"elementor-row\">\n\t\t\t\t\t<div class=\"elementor-column elementor-col-100 elementor-top-column elementor-element elementor-element-e812c25\" data-id=\"e812c25\" data-element_type=\"column\">\n\t\t\t<div class=\"elementor-column-wrap elementor-element-populated\">\n\t\t\t\t\t\t\t<div class=\"elementor-widget-wrap\">\n\t\t\t\t\t\t<div class=\"elementor-element elementor-element-8e4bb56 elementor-widget elementor-widget-image\" data-id=\"8e4bb56\" data-element_type=\"widget\" data-widget_type=\"image.default\">\n\t\t\t\t<div class=\"elementor-widget-container\">\n\t\t\t\t\t\t\t\t<div class=\"elementor-image\">\n\t\t\t\t\t\t\t\t\t\t\t\t<img width=\"840\" height=\"613\" src=\"https:\/\/reseau-jannoy.fr\/wp-content\/uploads\/2025\/03\/Organigramme-SASRJ3-1024x747.png\" class=\"attachment-large size-large\" alt=\"\" loading=\"lazy\" srcset=\"https:\/\/reseau-jannoy.fr\/wp-content\/uploads\/2025\/03\/Organigramme-SASRJ3-1024x747.png 1024w, https:\/\/reseau-jannoy.fr\/wp-content\/uploads\/2025\/03\/Organigramme-SASRJ3-300x219.png 300w, https:\/\/reseau-jannoy.fr\/wp-content\/uploads\/2025\/03\/Organigramme-SASRJ3-768x560.png 768w, https:\/\/reseau-jannoy.fr\/wp-content\/uploads\/2025\/03\/Organigramme-SASRJ3-1536x1121.png 1536w, https:\/\/reseau-jannoy.fr\/wp-content\/uploads\/2025\/03\/Organigramme-SASRJ3-2048x1494.png 2048w, https:\/\/reseau-jannoy.fr\/wp-content\/uploads\/2025\/03\/Organigramme-SASRJ3-1200x876.png 1200w\" sizes=\"(max-width: 709px) 85vw, (max-width: 909px) 67vw, (max-width: 1362px) 62vw, 840px\" \/>\t\t\t\t\t\t\t\t\t\t\t\t\t\t<\/div>\n\t\t\t\t\t\t<\/div>\n\t\t\t\t<\/div>\n\t\t\t\t\t\t<\/div>\n\t\t\t\t\t<\/div>\n\t\t<\/div>\n\t\t\t\t\t\t\t\t<\/div>\n\t\t\t\t\t<\/div>\n\t\t<\/section>\n\t\t\t\t<section class=\"elementor-section elementor-top-section elementor-element elementor-element-39e5689 elementor-section-boxed elementor-section-height-default elementor-section-height-default\" data-id=\"39e5689\" data-element_type=\"section\">\n\t\t\t\t\t\t<div class=\"elementor-container elementor-column-gap-default\">\n\t\t\t\t\t\t\t<div class=\"elementor-row\">\n\t\t\t\t\t<div class=\"elementor-column elementor-col-100 elementor-top-column elementor-element elementor-element-ab24ec1\" data-id=\"ab24ec1\" data-element_type=\"column\">\n\t\t\t<div class=\"elementor-column-wrap elementor-element-populated\">\n\t\t\t\t\t\t\t<div class=\"elementor-widget-wrap\">\n\t\t\t\t\t\t<div class=\"elementor-element elementor-element-841faee elementor-widget elementor-widget-text-editor\" data-id=\"841faee\" data-element_type=\"widget\" data-widget_type=\"text-editor.default\">\n\t\t\t\t<div class=\"elementor-widget-container\">\n\t\t\t\t\t\t\t\t<div class=\"elementor-text-editor elementor-clearfix\">\n\t\t\t\t<p><strong>Notre proc\u00e9dure de recueil des r\u00e9clamations et appels est disponible sur simple demande<\/strong><\/p>\n<p>\u00a0<\/p>\t\t\t\t\t<\/div>\n\t\t\t\t\t\t<\/div>\n\t\t\t\t<\/div>\n\t\t\t\t\t\t<\/div>\n\t\t\t\t\t<\/div>\n\t\t<\/div>\n\t\t\t\t\t\t\t\t<\/div>\n\t\t\t\t\t<\/div>\n\t\t<\/section>\n\t\t\t\t\t\t\t\t\t<\/div>\n\t\t\t<\/div>\n\t\t\t\t\t<\/div>\n\t\t","protected":false},"excerpt":{"rendered":"<p>Constitu\u00e9 d\u2019une \u00e9quipe de consultants-formateurs exp\u00e9riment\u00e9s du secteur social, m\u00e9dico-social et sanitaire, le R\u00e9seau Jannoy accompagne vos transformations dans le respect de l\u2019int\u00e9r\u00eat des usagers et de leur pouvoir d\u2019agir ; soutient les acteurs dans l\u2019adaptation et l\u2019\u00e9volution de leurs pratiques, de leurs comp\u00e9tences et de leurs repr\u00e9sentations ; anime des s\u00e9minaires de direction et &hellip; <a href=\"https:\/\/reseau-jannoy.fr\/\" class=\"more-link\">Continue reading<span class=\"screen-reader-text\"> &#8220;Bienvenue&#8221;<\/span><\/a><\/p>\n","protected":false},"author":1,"featured_media":0,"parent":0,"menu_order":0,"comment_status":"closed","ping_status":"closed","template":"","meta":[],"_links":{"self":[{"href":"https:\/\/reseau-jannoy.fr\/index.php?rest_route=\/wp\/v2\/pages\/78"}],"collection":[{"href":"https:\/\/reseau-jannoy.fr\/index.php?rest_route=\/wp\/v2\/pages"}],"about":[{"href":"https:\/\/reseau-jannoy.fr\/index.php?rest_route=\/wp\/v2\/types\/page"}],"author":[{"embeddable":true,"href":"https:\/\/reseau-jannoy.fr\/index.php?rest_route=\/wp\/v2\/users\/1"}],"replies":[{"embeddable":true,"href":"https:\/\/reseau-jannoy.fr\/index.php?rest_route=%2Fwp%2Fv2%2Fcomments&post=78"}],"version-history":[{"count":67,"href":"https:\/\/reseau-jannoy.fr\/index.php?rest_route=\/wp\/v2\/pages\/78\/revisions"}],"predecessor-version":[{"id":1076,"href":"https:\/\/reseau-jannoy.fr\/index.php?rest_route=\/wp\/v2\/pages\/78\/revisions\/1076"}],"wp:attachment":[{"href":"https:\/\/reseau-jannoy.fr\/index.php?rest_route=%2Fwp%2Fv2%2Fmedia&parent=78"}],"curies":[{"name":"wp","href":"https:\/\/api.w.org\/{rel}","templated":true}]}}