{"id":37,"date":"2019-09-03T19:46:12","date_gmt":"2019-09-03T17:46:12","guid":{"rendered":"http:\/\/reseau-jannoy.fr\/?page_id=37"},"modified":"2022-03-21T13:09:38","modified_gmt":"2022-03-21T12:09:38","slug":"contact","status":"publish","type":"page","link":"https:\/\/reseau-jannoy.fr\/?page_id=37","title":{"rendered":"Contact"},"content":{"rendered":"\t\t<div data-elementor-type=\"wp-post\" data-elementor-id=\"37\" class=\"elementor elementor-37\">\n\t\t\t\t\t\t<div class=\"elementor-inner\">\n\t\t\t\t<div class=\"elementor-section-wrap\">\n\t\t\t\t\t\t\t\t\t<section class=\"elementor-section elementor-top-section elementor-element elementor-element-8b71073 elementor-section-boxed elementor-section-height-default elementor-section-height-default\" data-id=\"8b71073\" data-element_type=\"section\">\n\t\t\t\t\t\t<div class=\"elementor-container elementor-column-gap-default\">\n\t\t\t\t\t\t\t<div class=\"elementor-row\">\n\t\t\t\t\t<div class=\"elementor-column elementor-col-100 elementor-top-column elementor-element elementor-element-202dd27\" data-id=\"202dd27\" data-element_type=\"column\">\n\t\t\t<div class=\"elementor-column-wrap elementor-element-populated\">\n\t\t\t\t\t\t\t<div class=\"elementor-widget-wrap\">\n\t\t\t\t\t\t<div class=\"elementor-element elementor-element-da03685 elementor-widget elementor-widget-text-editor\" data-id=\"da03685\" data-element_type=\"widget\" data-widget_type=\"text-editor.default\">\n\t\t\t\t<div class=\"elementor-widget-container\">\n\t\t\t\t\t\t\t\t<div class=\"elementor-text-editor elementor-clearfix\">\n\t\t\t\t<div class=\"wpforms-container wpforms-container-full\" id=\"wpforms-68\"><form id=\"wpforms-form-68\" class=\"wpforms-validate wpforms-form\" data-formid=\"68\" method=\"post\" enctype=\"multipart\/form-data\" action=\"\/index.php?rest_route=%2Fwp%2Fv2%2Fpages%2F37\" data-token=\"a810dcdceab89e2dddf4a2087652061f\" data-token-time=\"1777643537\"><noscript class=\"wpforms-error-noscript\">Please enable JavaScript in your browser to complete this form.<\/noscript><div class=\"wpforms-field-container\"><div id=\"wpforms-68-field_0-container\" class=\"wpforms-field wpforms-field-name\" data-field-id=\"0\"><label class=\"wpforms-field-label\" for=\"wpforms-68-field_0\">Vos coordonn\u00e9es <span class=\"wpforms-required-label\">*<\/span><\/label><div class=\"wpforms-field-row wpforms-field-medium\"><div class=\"wpforms-field-row-block wpforms-first wpforms-one-half\"><input type=\"text\" id=\"wpforms-68-field_0\" class=\"wpforms-field-name-first wpforms-field-required\" name=\"wpforms[fields][0][first]\" required><label for=\"wpforms-68-field_0\" class=\"wpforms-field-sublabel after\">First<\/label><\/div><div class=\"wpforms-field-row-block wpforms-one-half\"><input type=\"text\" id=\"wpforms-68-field_0-last\" class=\"wpforms-field-name-last wpforms-field-required\" name=\"wpforms[fields][0][last]\" required><label for=\"wpforms-68-field_0-last\" class=\"wpforms-field-sublabel after\">Last<\/label><\/div><\/div><\/div><div id=\"wpforms-68-field_1-container\" class=\"wpforms-field wpforms-field-email\" data-field-id=\"1\"><label class=\"wpforms-field-label\" for=\"wpforms-68-field_1\">E-mail <span class=\"wpforms-required-label\">*<\/span><\/label><input type=\"email\" id=\"wpforms-68-field_1\" class=\"wpforms-field-medium wpforms-field-required\" name=\"wpforms[fields][1]\" spellcheck=\"false\" required><\/div><div id=\"wpforms-68-field_6-container\" class=\"wpforms-field wpforms-field-name\" data-field-id=\"6\"><label class=\"wpforms-field-label\" for=\"wpforms-68-field_6\">T\u00e9l\u00e9phone (optionnel, si vous souhaitez \u00eatre contact\u00e9 par le R\u00e9seau Jannoy)<\/label><input type=\"text\" id=\"wpforms-68-field_6\" class=\"wpforms-field-small\" name=\"wpforms[fields][6]\" placeholder=\"Votre N\u00b0 de t\u00e9l\u00e9phone\" ><\/div><div id=\"wpforms-68-field_7-container\" class=\"wpforms-field wpforms-field-select wpforms-field-select-style-classic\" data-field-id=\"7\"><label class=\"wpforms-field-label\" for=\"wpforms-68-field_7\">Je souhaite \u00eatre contact\u00e9 par :<\/label><select id=\"wpforms-68-field_7\" class=\"wpforms-field-small\" name=\"wpforms[fields][7]\"><option value=\"N&#039;importe quel intervenant du r\u00e9seau\" >N&#039;importe quel intervenant du r\u00e9seau<\/option><option value=\"Alain DEWERDT\" >Alain DEWERDT<\/option><option value=\"Philippe DUCALET\" >Philippe DUCALET<\/option><option value=\"Yves MATHO\" >Yves MATHO<\/option><option value=\"Fabienne NO\u00c9\" >Fabienne NO\u00c9<\/option><option value=\"Je ne sais pas ! \" >Je ne sais pas !<\/option><\/select><div class=\"wpforms-field-description\">Choisissez ici d&#8217;\u00eatre contacter par le r\u00e9seau en g\u00e9n\u00e9ral ou un intervenant en particulier.<\/div><\/div><div id=\"wpforms-68-field_3-container\" class=\"wpforms-field wpforms-field-checkbox\" data-field-id=\"3\"><label class=\"wpforms-field-label\" for=\"wpforms-68-field_3\">Objet(s) de la demande<\/label><ul id=\"wpforms-68-field_3\"><li class=\"choice-1 depth-1\"><input type=\"checkbox\" id=\"wpforms-68-field_3_1\" name=\"wpforms[fields][3][]\" value=\"Formation\"  ><label class=\"wpforms-field-label-inline\" for=\"wpforms-68-field_3_1\">Formation<\/label><\/li><li class=\"choice-2 depth-1\"><input type=\"checkbox\" id=\"wpforms-68-field_3_2\" name=\"wpforms[fields][3][]\" value=\"Conseil et accompagnement\"  ><label class=\"wpforms-field-label-inline\" for=\"wpforms-68-field_3_2\">Conseil et accompagnement<\/label><\/li><li class=\"choice-3 depth-1\"><input type=\"checkbox\" id=\"wpforms-68-field_3_3\" name=\"wpforms[fields][3][]\" value=\"Evaluation et qualit\u00e9\"  ><label class=\"wpforms-field-label-inline\" for=\"wpforms-68-field_3_3\">Evaluation et qualit\u00e9<\/label><\/li><li class=\"choice-4 depth-1\"><input type=\"checkbox\" id=\"wpforms-68-field_3_4\" name=\"wpforms[fields][3][]\" value=\"Autre\"  ><label class=\"wpforms-field-label-inline\" for=\"wpforms-68-field_3_4\">Autre<\/label><\/li><\/ul><\/div><div id=\"wpforms-68-field_2-container\" class=\"wpforms-field wpforms-field-textarea\" data-field-id=\"2\"><label class=\"wpforms-field-label\" for=\"wpforms-68-field_2\">Commentaire ou message <span class=\"wpforms-required-label\">*<\/span><\/label><textarea id=\"wpforms-68-field_2\" class=\"wpforms-field-medium wpforms-field-required\" name=\"wpforms[fields][2]\" required><\/textarea><\/div><\/div><!-- .wpforms-field-container --><div class=\"wpforms-submit-container\" ><input type=\"hidden\" name=\"wpforms[id]\" value=\"68\"><input type=\"hidden\" name=\"page_title\" value=\"\"><input type=\"hidden\" name=\"page_url\" value=\"https:\/\/reseau-jannoy.fr\/index.php?rest_route=%2Fwp%2Fv2%2Fpages%2F37\"><button type=\"submit\" name=\"wpforms[submit]\" id=\"wpforms-submit-68\" class=\"wpforms-submit\" aria-live=\"assertive\" value=\"wpforms-submit\">Envoyer<\/button><\/div><\/form><\/div>  <!-- .wpforms-container -->\t\t\t\t\t<\/div>\n\t\t\t\t\t\t<\/div>\n\t\t\t\t<\/div>\n\t\t\t\t\t\t<\/div>\n\t\t\t\t\t<\/div>\n\t\t<\/div>\n\t\t\t\t\t\t\t\t<\/div>\n\t\t\t\t\t<\/div>\n\t\t<\/section>\n\t\t\t\t<section class=\"elementor-section elementor-top-section elementor-element elementor-element-c0a8110 elementor-section-boxed elementor-section-height-default elementor-section-height-default\" data-id=\"c0a8110\" data-element_type=\"section\">\n\t\t\t\t\t\t<div class=\"elementor-container elementor-column-gap-default\">\n\t\t\t\t\t\t\t<div class=\"elementor-row\">\n\t\t\t\t\t<div class=\"elementor-column elementor-col-100 elementor-top-column elementor-element elementor-element-590010c\" data-id=\"590010c\" data-element_type=\"column\">\n\t\t\t<div class=\"elementor-column-wrap elementor-element-populated\">\n\t\t\t\t\t\t\t<div class=\"elementor-widget-wrap\">\n\t\t\t\t\t\t<div class=\"elementor-element elementor-element-e02e4de elementor-widget elementor-widget-image\" data-id=\"e02e4de\" data-element_type=\"widget\" data-widget_type=\"image.default\">\n\t\t\t\t<div class=\"elementor-widget-container\">\n\t\t\t\t\t\t\t\t<div class=\"elementor-image\">\n\t\t\t\t\t\t\t\t\t\t\t\t<img width=\"840\" height=\"377\" src=\"https:\/\/reseau-jannoy.fr\/wp-content\/uploads\/2022\/03\/Contacts\u2014emal-tel--1024x459.png\" class=\"attachment-large size-large\" alt=\"\" loading=\"lazy\" srcset=\"https:\/\/reseau-jannoy.fr\/wp-content\/uploads\/2022\/03\/Contacts\u2014emal-tel--1024x459.png 1024w, https:\/\/reseau-jannoy.fr\/wp-content\/uploads\/2022\/03\/Contacts\u2014emal-tel--300x135.png 300w, https:\/\/reseau-jannoy.fr\/wp-content\/uploads\/2022\/03\/Contacts\u2014emal-tel--768x344.png 768w, https:\/\/reseau-jannoy.fr\/wp-content\/uploads\/2022\/03\/Contacts\u2014emal-tel--1536x689.png 1536w, https:\/\/reseau-jannoy.fr\/wp-content\/uploads\/2022\/03\/Contacts\u2014emal-tel--1200x538.png 1200w, https:\/\/reseau-jannoy.fr\/wp-content\/uploads\/2022\/03\/Contacts\u2014emal-tel-.png 1708w\" sizes=\"(max-width: 709px) 85vw, (max-width: 909px) 67vw, (max-width: 1362px) 62vw, 840px\" \/>\t\t\t\t\t\t\t\t\t\t\t\t\t\t<\/div>\n\t\t\t\t\t\t<\/div>\n\t\t\t\t<\/div>\n\t\t\t\t\t\t<\/div>\n\t\t\t\t\t<\/div>\n\t\t<\/div>\n\t\t\t\t\t\t\t\t<\/div>\n\t\t\t\t\t<\/div>\n\t\t<\/section>\n\t\t\t\t\t\t\t\t\t<\/div>\n\t\t\t<\/div>\n\t\t\t\t\t<\/div>\n\t\t","protected":false},"excerpt":{"rendered":"","protected":false},"author":1,"featured_media":0,"parent":0,"menu_order":0,"comment_status":"closed","ping_status":"closed","template":"","meta":[],"_links":{"self":[{"href":"https:\/\/reseau-jannoy.fr\/index.php?rest_route=\/wp\/v2\/pages\/37"}],"collection":[{"href":"https:\/\/reseau-jannoy.fr\/index.php?rest_route=\/wp\/v2\/pages"}],"about":[{"href":"https:\/\/reseau-jannoy.fr\/index.php?rest_route=\/wp\/v2\/types\/page"}],"author":[{"embeddable":true,"href":"https:\/\/reseau-jannoy.fr\/index.php?rest_route=\/wp\/v2\/users\/1"}],"replies":[{"embeddable":true,"href":"https:\/\/reseau-jannoy.fr\/index.php?rest_route=%2Fwp%2Fv2%2Fcomments&post=37"}],"version-history":[{"count":15,"href":"https:\/\/reseau-jannoy.fr\/index.php?rest_route=\/wp\/v2\/pages\/37\/revisions"}],"predecessor-version":[{"id":630,"href":"https:\/\/reseau-jannoy.fr\/index.php?rest_route=\/wp\/v2\/pages\/37\/revisions\/630"}],"wp:attachment":[{"href":"https:\/\/reseau-jannoy.fr\/index.php?rest_route=%2Fwp%2Fv2%2Fmedia&parent=37"}],"curies":[{"name":"wp","href":"https:\/\/api.w.org\/{rel}","templated":true}]}}