{"id":35,"date":"2019-09-03T19:46:22","date_gmt":"2019-09-03T17:46:22","guid":{"rendered":"http:\/\/reseau-jannoy.fr\/?page_id=35"},"modified":"2025-10-20T14:29:55","modified_gmt":"2025-10-20T12:29:55","slug":"evaluation-externe","status":"publish","type":"page","link":"https:\/\/reseau-jannoy.fr\/?page_id=35","title":{"rendered":"Evaluation &#038; D\u00e9marche Qualit\u00e9"},"content":{"rendered":"\t\t<div data-elementor-type=\"wp-page\" data-elementor-id=\"35\" class=\"elementor elementor-35\">\n\t\t\t\t\t\t<div class=\"elementor-inner\">\n\t\t\t\t<div class=\"elementor-section-wrap\">\n\t\t\t\t\t\t\t\t\t<section class=\"elementor-section elementor-top-section elementor-element elementor-element-041a74e elementor-section-boxed elementor-section-height-default elementor-section-height-default\" data-id=\"041a74e\" data-element_type=\"section\">\n\t\t\t\t\t\t<div class=\"elementor-container elementor-column-gap-default\">\n\t\t\t\t\t\t\t<div class=\"elementor-row\">\n\t\t\t\t\t<div class=\"elementor-column elementor-col-100 elementor-top-column elementor-element elementor-element-9c62f6f\" data-id=\"9c62f6f\" data-element_type=\"column\">\n\t\t\t<div class=\"elementor-column-wrap elementor-element-populated\">\n\t\t\t\t\t\t\t<div class=\"elementor-widget-wrap\">\n\t\t\t\t\t\t<div class=\"elementor-element elementor-element-11392af elementor-widget elementor-widget-text-editor\" data-id=\"11392af\" data-element_type=\"widget\" data-widget_type=\"text-editor.default\">\n\t\t\t\t<div class=\"elementor-widget-container\">\n\t\t\t\t\t\t\t\t<div class=\"elementor-text-editor elementor-clearfix\">\n\t\t\t\t<p>Le R\u00e9seau Jannoy est un organisme autoris\u00e9 par la HAS depuis janvier 2023. Notre m\u00e9thodologie d&#8217;\u00e9valuation est fid\u00e8le aux attendus de l&#8217;HAS, &nbsp;et s&#8217;appuie notamment sur le &#8220;Manuel d&#8217;\u00e9valuation de la qualit\u00e9 des ESSMS&#8221; valid\u00e9 le 8 mars 2022 et le &#8220;Cahier des charges applicable aux organismes charg\u00e9s de l&#8217;\u00e9valuation des ESSMS&#8221; &nbsp;du 12 mai 2022. Notre support de recueil et de synth\u00e8se des \u00e9valuations est la plateforme SYNA\u00c9.<\/p>\n<p>L&#8217;\u00e9valuation est un processus de questionnement relatif \u00e0 la pertinence et la coh\u00e9rence des activit\u00e9s et de leur organisation. Elle permet de valoriser les activit\u00e9s d\u00e9ploy\u00e9es par la structure et d&#8217;identifier des axes de progr\u00e8s.<\/p>\n<p>Pour le R\u00e9seau Jannoy, l&#8217;<span style=\"color: var( --e-global-color-text ); font-family: var( --e-global-typography-text-font-family ), Sans-serif; font-size: 1rem;\">\u00e9valuation est aussi une d\u00e9marche &nbsp;de refondation du sens des projets de l&#8217;institution, de valorisation et d&#8217;actualisation de pratiques professionnelles.<\/span><span style=\"color: var( --e-global-color-text ); font-family: var( --e-global-typography-text-font-family ), Sans-serif; font-size: 1rem;\">Le re\u0301seau Jannoy porte une attention particulie\u0300re aux dimensions e\u0301thique et clinique des modes d\u2019accompagnements des usagers, a\u0300 leur capacite\u0301s d\u2019auto-de\u0301termination et a\u0300 leur qualite\u0301 de vie.<\/span><\/p>\t\t\t\t\t<\/div>\n\t\t\t\t\t\t<\/div>\n\t\t\t\t<\/div>\n\t\t\t\t\t\t<\/div>\n\t\t\t\t\t<\/div>\n\t\t<\/div>\n\t\t\t\t\t\t\t\t<\/div>\n\t\t\t\t\t<\/div>\n\t\t<\/section>\n\t\t\t\t<section class=\"elementor-section elementor-top-section elementor-element elementor-element-9bb5dee elementor-section-boxed elementor-section-height-default elementor-section-height-default\" data-id=\"9bb5dee\" data-element_type=\"section\">\n\t\t\t\t\t\t<div class=\"elementor-container elementor-column-gap-default\">\n\t\t\t\t\t\t\t<div class=\"elementor-row\">\n\t\t\t\t\t<div class=\"elementor-column elementor-col-100 elementor-top-column elementor-element elementor-element-9b4b88e\" data-id=\"9b4b88e\" data-element_type=\"column\">\n\t\t\t<div class=\"elementor-column-wrap elementor-element-populated\">\n\t\t\t\t\t\t\t<div class=\"elementor-widget-wrap\">\n\t\t\t\t\t\t<section class=\"elementor-section elementor-inner-section elementor-element elementor-element-f0625fc elementor-section-boxed elementor-section-height-default elementor-section-height-default\" data-id=\"f0625fc\" data-element_type=\"section\">\n\t\t\t\t\t\t<div class=\"elementor-container elementor-column-gap-default\">\n\t\t\t\t\t\t\t<div class=\"elementor-row\">\n\t\t\t\t\t<div class=\"elementor-column elementor-col-50 elementor-inner-column elementor-element elementor-element-eb94f60\" data-id=\"eb94f60\" data-element_type=\"column\">\n\t\t\t<div class=\"elementor-column-wrap elementor-element-populated\">\n\t\t\t\t\t\t\t<div class=\"elementor-widget-wrap\">\n\t\t\t\t\t\t<div class=\"elementor-element elementor-element-7cc6a39 elementor-widget elementor-widget-image\" data-id=\"7cc6a39\" data-element_type=\"widget\" data-widget_type=\"image.default\">\n\t\t\t\t<div class=\"elementor-widget-container\">\n\t\t\t\t\t\t\t\t<div class=\"elementor-image\">\n\t\t\t\t\t\t\t\t\t\t\t\t<img width=\"210\" height=\"300\" src=\"https:\/\/reseau-jannoy.fr\/wp-content\/uploads\/2024\/01\/9782842761424-g-210x300.jpg\" class=\"elementor-animation-grow attachment-medium size-medium\" alt=\"\" loading=\"lazy\" srcset=\"https:\/\/reseau-jannoy.fr\/wp-content\/uploads\/2024\/01\/9782842761424-g-210x300.jpg 210w, https:\/\/reseau-jannoy.fr\/wp-content\/uploads\/2024\/01\/9782842761424-g-718x1024.jpg 718w, https:\/\/reseau-jannoy.fr\/wp-content\/uploads\/2024\/01\/9782842761424-g-768x1095.jpg 768w, https:\/\/reseau-jannoy.fr\/wp-content\/uploads\/2024\/01\/9782842761424-g-1077x1536.jpg 1077w, https:\/\/reseau-jannoy.fr\/wp-content\/uploads\/2024\/01\/9782842761424-g-1200x1712.jpg 1200w, https:\/\/reseau-jannoy.fr\/wp-content\/uploads\/2024\/01\/9782842761424-g.jpg 1400w\" sizes=\"(max-width: 210px) 85vw, 210px\" \/>\t\t\t\t\t\t\t\t\t\t\t\t\t\t<\/div>\n\t\t\t\t\t\t<\/div>\n\t\t\t\t<\/div>\n\t\t\t\t\t\t<\/div>\n\t\t\t\t\t<\/div>\n\t\t<\/div>\n\t\t\t\t<div class=\"elementor-column elementor-col-50 elementor-inner-column elementor-element elementor-element-cfafdbc\" data-id=\"cfafdbc\" data-element_type=\"column\">\n\t\t\t<div class=\"elementor-column-wrap elementor-element-populated\">\n\t\t\t\t\t\t\t<div class=\"elementor-widget-wrap\">\n\t\t\t\t\t\t<div class=\"elementor-element elementor-element-7a2f6a7 elementor-widget elementor-widget-text-editor\" data-id=\"7a2f6a7\" data-element_type=\"widget\" data-widget_type=\"text-editor.default\">\n\t\t\t\t<div class=\"elementor-widget-container\">\n\t\t\t\t\t\t\t\t<div class=\"elementor-text-editor elementor-clearfix\">\n\t\t\t\t<p>Notre d\u00e9partement \u00c9valuation est coordonn\u00e9 par Philippe DUCALET, co-auteur de l&#8217;ouvrage &#8220;Penser la qualit\u00e9 dans les institutions sanitaires et sociales&#8221; et r\u00e9f\u00e9rent de la soci\u00e9t\u00e9 aupr\u00e8s de l&#8217;HAS.<\/p><p>Nous poss\u00e9dons une exp\u00e9rience de plusieurs ann\u00e9es dans l\u2019\u00e9valuation et d\u2019une \u00e9quipe d\u2019intervenants comp\u00e9tents aupr\u00e8s de publics tr\u00e8s divers.<\/p><p>Nous sommes particuli\u00e8rement attentif \u00e0 d\u00e9ployer la m\u00e9thodologie de l&#8217;\u00e9valuation en regard de la singularit\u00e9 de votre \u00e9tablissement, de son projet et son public.<\/p><p style=\"margin-bottom: 0px; font-stretch: normal; font-size: 12px; line-height: normal; font-family: Helvetica; color: #000000;\">\u00a0<\/p>\t\t\t\t\t<\/div>\n\t\t\t\t\t\t<\/div>\n\t\t\t\t<\/div>\n\t\t\t\t\t\t<\/div>\n\t\t\t\t\t<\/div>\n\t\t<\/div>\n\t\t\t\t\t\t\t\t<\/div>\n\t\t\t\t\t<\/div>\n\t\t<\/section>\n\t\t\t\t\t\t<\/div>\n\t\t\t\t\t<\/div>\n\t\t<\/div>\n\t\t\t\t\t\t\t\t<\/div>\n\t\t\t\t\t<\/div>\n\t\t<\/section>\n\t\t\t\t<section class=\"elementor-section elementor-top-section elementor-element elementor-element-ea8a47e elementor-section-boxed elementor-section-height-default elementor-section-height-default\" data-id=\"ea8a47e\" data-element_type=\"section\">\n\t\t\t\t\t\t<div class=\"elementor-container elementor-column-gap-default\">\n\t\t\t\t\t\t\t<div class=\"elementor-row\">\n\t\t\t\t\t<div class=\"elementor-column elementor-col-100 elementor-top-column elementor-element elementor-element-6166fb4\" data-id=\"6166fb4\" data-element_type=\"column\">\n\t\t\t<div class=\"elementor-column-wrap elementor-element-populated\">\n\t\t\t\t\t\t\t<div class=\"elementor-widget-wrap\">\n\t\t\t\t\t\t<div class=\"elementor-element elementor-element-595a37e elementor-widget elementor-widget-heading\" data-id=\"595a37e\" data-element_type=\"widget\" data-widget_type=\"heading.default\">\n\t\t\t\t<div class=\"elementor-widget-container\">\n\t\t\t<h2 class=\"elementor-heading-title elementor-size-default\">Ressources utiles<\/h2>\t\t<\/div>\n\t\t\t\t<\/div>\n\t\t\t\t\t\t<\/div>\n\t\t\t\t\t<\/div>\n\t\t<\/div>\n\t\t\t\t\t\t\t\t<\/div>\n\t\t\t\t\t<\/div>\n\t\t<\/section>\n\t\t\t\t<section class=\"elementor-section elementor-top-section elementor-element elementor-element-1622417 elementor-section-boxed elementor-section-height-default elementor-section-height-default\" data-id=\"1622417\" data-element_type=\"section\">\n\t\t\t\t\t\t<div class=\"elementor-container elementor-column-gap-default\">\n\t\t\t\t\t\t\t<div class=\"elementor-row\">\n\t\t\t\t\t<div class=\"elementor-column elementor-col-100 elementor-top-column elementor-element elementor-element-4268c95\" data-id=\"4268c95\" data-element_type=\"column\">\n\t\t\t<div class=\"elementor-column-wrap elementor-element-populated\">\n\t\t\t\t\t\t\t<div class=\"elementor-widget-wrap\">\n\t\t\t\t\t\t<section class=\"elementor-section elementor-inner-section elementor-element elementor-element-b0df8d8 elementor-section-boxed elementor-section-height-default elementor-section-height-default\" data-id=\"b0df8d8\" data-element_type=\"section\">\n\t\t\t\t\t\t<div class=\"elementor-container elementor-column-gap-default\">\n\t\t\t\t\t\t\t<div class=\"elementor-row\">\n\t\t\t\t\t<div class=\"elementor-column elementor-col-25 elementor-inner-column elementor-element elementor-element-3209b89\" data-id=\"3209b89\" data-element_type=\"column\">\n\t\t\t<div class=\"elementor-column-wrap elementor-element-populated\">\n\t\t\t\t\t\t\t<div class=\"elementor-widget-wrap\">\n\t\t\t\t\t\t<div class=\"elementor-element elementor-element-26f6b94 elementor-widget elementor-widget-image\" data-id=\"26f6b94\" data-element_type=\"widget\" data-widget_type=\"image.default\">\n\t\t\t\t<div class=\"elementor-widget-container\">\n\t\t\t\t\t\t\t\t<div class=\"elementor-image\">\n\t\t\t\t\t\t\t\t\t\t\t\t\t<a href=\"http:\/\/reseau-jannoy.fr\/wp-content\/uploads\/2024\/01\/3-HAS-PROCEDURE-DEVALUATION-DES-ESSMS_10mai2022.pdf\" target=\"_blank\">\n\t\t\t\t\t\t\t<img width=\"728\" height=\"1024\" src=\"https:\/\/reseau-jannoy.fr\/wp-content\/uploads\/2024\/01\/IMG_HAS-PROCEDURE-DEVALUATION-DES-ESSMS_10mai2022-728x1024.png\" class=\"elementor-animation-grow attachment-large size-large\" alt=\"\" loading=\"lazy\" srcset=\"https:\/\/reseau-jannoy.fr\/wp-content\/uploads\/2024\/01\/IMG_HAS-PROCEDURE-DEVALUATION-DES-ESSMS_10mai2022-728x1024.png 728w, https:\/\/reseau-jannoy.fr\/wp-content\/uploads\/2024\/01\/IMG_HAS-PROCEDURE-DEVALUATION-DES-ESSMS_10mai2022-213x300.png 213w, https:\/\/reseau-jannoy.fr\/wp-content\/uploads\/2024\/01\/IMG_HAS-PROCEDURE-DEVALUATION-DES-ESSMS_10mai2022-768x1080.png 768w, https:\/\/reseau-jannoy.fr\/wp-content\/uploads\/2024\/01\/IMG_HAS-PROCEDURE-DEVALUATION-DES-ESSMS_10mai2022.png 1050w\" sizes=\"(max-width: 728px) 85vw, 728px\" \/>\t\t\t\t\t\t\t\t<\/a>\n\t\t\t\t\t\t\t\t\t\t\t\t\t\t<\/div>\n\t\t\t\t\t\t<\/div>\n\t\t\t\t<\/div>\n\t\t\t\t\t\t<\/div>\n\t\t\t\t\t<\/div>\n\t\t<\/div>\n\t\t\t\t<div class=\"elementor-column elementor-col-25 elementor-inner-column elementor-element elementor-element-473bc10\" data-id=\"473bc10\" data-element_type=\"column\">\n\t\t\t<div class=\"elementor-column-wrap elementor-element-populated\">\n\t\t\t\t\t\t\t<div class=\"elementor-widget-wrap\">\n\t\t\t\t\t\t<div class=\"elementor-element elementor-element-0504e60 elementor-widget elementor-widget-image\" data-id=\"0504e60\" data-element_type=\"widget\" data-widget_type=\"image.default\">\n\t\t\t\t<div class=\"elementor-widget-container\">\n\t\t\t\t\t\t\t\t<div class=\"elementor-image\">\n\t\t\t\t\t\t\t\t\t\t\t\t\t<a href=\"http:\/\/reseau-jannoy.fr\/wp-content\/uploads\/2024\/01\/1-HAS_Referentiel-devaluation-de-la-qualite-des_ESSMS_8mars2022.pdf\" target=\"_blank\">\n\t\t\t\t\t\t\t<img width=\"718\" height=\"1024\" src=\"https:\/\/reseau-jannoy.fr\/wp-content\/uploads\/2024\/01\/IMG_HAS_Referentiel-devaluation-de-la-qualite-des_ESSMS-718x1024.png\" class=\"elementor-animation-grow attachment-large size-large\" alt=\"\" loading=\"lazy\" srcset=\"https:\/\/reseau-jannoy.fr\/wp-content\/uploads\/2024\/01\/IMG_HAS_Referentiel-devaluation-de-la-qualite-des_ESSMS-718x1024.png 718w, https:\/\/reseau-jannoy.fr\/wp-content\/uploads\/2024\/01\/IMG_HAS_Referentiel-devaluation-de-la-qualite-des_ESSMS-210x300.png 210w, https:\/\/reseau-jannoy.fr\/wp-content\/uploads\/2024\/01\/IMG_HAS_Referentiel-devaluation-de-la-qualite-des_ESSMS-768x1095.png 768w, https:\/\/reseau-jannoy.fr\/wp-content\/uploads\/2024\/01\/IMG_HAS_Referentiel-devaluation-de-la-qualite-des_ESSMS.png 1044w\" sizes=\"(max-width: 718px) 85vw, 718px\" \/>\t\t\t\t\t\t\t\t<\/a>\n\t\t\t\t\t\t\t\t\t\t\t\t\t\t<\/div>\n\t\t\t\t\t\t<\/div>\n\t\t\t\t<\/div>\n\t\t\t\t\t\t<\/div>\n\t\t\t\t\t<\/div>\n\t\t<\/div>\n\t\t\t\t<div class=\"elementor-column elementor-col-25 elementor-inner-column elementor-element elementor-element-87f1157\" data-id=\"87f1157\" data-element_type=\"column\">\n\t\t\t<div class=\"elementor-column-wrap elementor-element-populated\">\n\t\t\t\t\t\t\t<div class=\"elementor-widget-wrap\">\n\t\t\t\t\t\t<div class=\"elementor-element elementor-element-963c660 elementor-widget elementor-widget-image\" data-id=\"963c660\" data-element_type=\"widget\" data-widget_type=\"image.default\">\n\t\t\t\t<div class=\"elementor-widget-container\">\n\t\t\t\t\t\t\t\t<div class=\"elementor-image\">\n\t\t\t\t\t\t\t\t\t\t\t\t\t<a href=\"http:\/\/reseau-jannoy.fr\/wp-content\/uploads\/2024\/01\/4-HAS_Manuel_devaluation_de_la_qualite_essms_08mars2022.pdf\" target=\"_blank\">\n\t\t\t\t\t\t\t<img width=\"724\" height=\"1024\" src=\"https:\/\/reseau-jannoy.fr\/wp-content\/uploads\/2024\/01\/IMG_4-HAS_Manuel_devaluation_de_la_qualite_essms-724x1024.png\" class=\"elementor-animation-grow attachment-large size-large\" alt=\"\" loading=\"lazy\" srcset=\"https:\/\/reseau-jannoy.fr\/wp-content\/uploads\/2024\/01\/IMG_4-HAS_Manuel_devaluation_de_la_qualite_essms-724x1024.png 724w, https:\/\/reseau-jannoy.fr\/wp-content\/uploads\/2024\/01\/IMG_4-HAS_Manuel_devaluation_de_la_qualite_essms-212x300.png 212w, https:\/\/reseau-jannoy.fr\/wp-content\/uploads\/2024\/01\/IMG_4-HAS_Manuel_devaluation_de_la_qualite_essms-768x1087.png 768w, https:\/\/reseau-jannoy.fr\/wp-content\/uploads\/2024\/01\/IMG_4-HAS_Manuel_devaluation_de_la_qualite_essms.png 1050w\" sizes=\"(max-width: 724px) 85vw, 724px\" \/>\t\t\t\t\t\t\t\t<\/a>\n\t\t\t\t\t\t\t\t\t\t\t\t\t\t<\/div>\n\t\t\t\t\t\t<\/div>\n\t\t\t\t<\/div>\n\t\t\t\t\t\t<\/div>\n\t\t\t\t\t<\/div>\n\t\t<\/div>\n\t\t\t\t<div class=\"elementor-column elementor-col-25 elementor-inner-column elementor-element elementor-element-105795c\" data-id=\"105795c\" data-element_type=\"column\">\n\t\t\t<div class=\"elementor-column-wrap elementor-element-populated\">\n\t\t\t\t\t\t\t<div class=\"elementor-widget-wrap\">\n\t\t\t\t\t\t<div class=\"elementor-element elementor-element-a87b065 elementor-widget elementor-widget-image\" data-id=\"a87b065\" data-element_type=\"widget\" data-widget_type=\"image.default\">\n\t\t\t\t<div class=\"elementor-widget-container\">\n\t\t\t\t\t\t\t\t<div class=\"elementor-image\">\n\t\t\t\t\t\t\t\t\t\t\t\t\t<a href=\"http:\/\/reseau-jannoy.fr\/wp-content\/uploads\/2024\/01\/2-HAS_CAHIER-DES-CHARGES-APPLICABLE-AUX-ORGANISMES-CHARGES-DE-LEVALUATION-DES-ESSMS-_12mai2022.pdf\" target=\"_blank\">\n\t\t\t\t\t\t\t<img width=\"722\" height=\"1024\" src=\"https:\/\/reseau-jannoy.fr\/wp-content\/uploads\/2024\/01\/IMG_HAS_CAHIER-DES-CHARGES-APPLICABLE-AUX-ORGANISMES-CHARGES-DE-LEVALUATION-DES-ESSMS-722x1024.png\" class=\"elementor-animation-grow attachment-large size-large\" alt=\"\" loading=\"lazy\" srcset=\"https:\/\/reseau-jannoy.fr\/wp-content\/uploads\/2024\/01\/IMG_HAS_CAHIER-DES-CHARGES-APPLICABLE-AUX-ORGANISMES-CHARGES-DE-LEVALUATION-DES-ESSMS-722x1024.png 722w, https:\/\/reseau-jannoy.fr\/wp-content\/uploads\/2024\/01\/IMG_HAS_CAHIER-DES-CHARGES-APPLICABLE-AUX-ORGANISMES-CHARGES-DE-LEVALUATION-DES-ESSMS-212x300.png 212w, https:\/\/reseau-jannoy.fr\/wp-content\/uploads\/2024\/01\/IMG_HAS_CAHIER-DES-CHARGES-APPLICABLE-AUX-ORGANISMES-CHARGES-DE-LEVALUATION-DES-ESSMS-768x1089.png 768w, https:\/\/reseau-jannoy.fr\/wp-content\/uploads\/2024\/01\/IMG_HAS_CAHIER-DES-CHARGES-APPLICABLE-AUX-ORGANISMES-CHARGES-DE-LEVALUATION-DES-ESSMS.png 1044w\" sizes=\"(max-width: 722px) 85vw, 722px\" \/>\t\t\t\t\t\t\t\t<\/a>\n\t\t\t\t\t\t\t\t\t\t\t\t\t\t<\/div>\n\t\t\t\t\t\t<\/div>\n\t\t\t\t<\/div>\n\t\t\t\t\t\t<\/div>\n\t\t\t\t\t<\/div>\n\t\t<\/div>\n\t\t\t\t\t\t\t\t<\/div>\n\t\t\t\t\t<\/div>\n\t\t<\/section>\n\t\t\t\t\t\t<\/div>\n\t\t\t\t\t<\/div>\n\t\t<\/div>\n\t\t\t\t\t\t\t\t<\/div>\n\t\t\t\t\t<\/div>\n\t\t<\/section>\n\t\t\t\t<section class=\"elementor-section elementor-top-section elementor-element elementor-element-39377c6 elementor-section-boxed elementor-section-height-default elementor-section-height-default\" data-id=\"39377c6\" data-element_type=\"section\">\n\t\t\t\t\t\t<div class=\"elementor-container elementor-column-gap-default\">\n\t\t\t\t\t\t\t<div class=\"elementor-row\">\n\t\t\t\t\t<div class=\"elementor-column elementor-col-100 elementor-top-column elementor-element elementor-element-6cdef75\" data-id=\"6cdef75\" data-element_type=\"column\">\n\t\t\t<div class=\"elementor-column-wrap elementor-element-populated\">\n\t\t\t\t\t\t\t<div class=\"elementor-widget-wrap\">\n\t\t\t\t\t\t<div class=\"elementor-element elementor-element-55651c8 elementor-widget elementor-widget-image\" data-id=\"55651c8\" data-element_type=\"widget\" data-widget_type=\"image.default\">\n\t\t\t\t<div class=\"elementor-widget-container\">\n\t\t\t\t\t\t\t\t<div class=\"elementor-image\">\n\t\t\t\t\t\t\t\t\t\t\t\t<img width=\"840\" height=\"972\" src=\"https:\/\/reseau-jannoy.fr\/wp-content\/uploads\/2024\/01\/Processus-Evaluation-2-885x1024.png\" class=\"attachment-large size-large\" alt=\"\" loading=\"lazy\" srcset=\"https:\/\/reseau-jannoy.fr\/wp-content\/uploads\/2024\/01\/Processus-Evaluation-2-885x1024.png 885w, https:\/\/reseau-jannoy.fr\/wp-content\/uploads\/2024\/01\/Processus-Evaluation-2-259x300.png 259w, https:\/\/reseau-jannoy.fr\/wp-content\/uploads\/2024\/01\/Processus-Evaluation-2-768x888.png 768w, https:\/\/reseau-jannoy.fr\/wp-content\/uploads\/2024\/01\/Processus-Evaluation-2-1328x1536.png 1328w, https:\/\/reseau-jannoy.fr\/wp-content\/uploads\/2024\/01\/Processus-Evaluation-2-1200x1388.png 1200w, https:\/\/reseau-jannoy.fr\/wp-content\/uploads\/2024\/01\/Processus-Evaluation-2.png 1352w\" sizes=\"(max-width: 709px) 85vw, (max-width: 909px) 67vw, (max-width: 1362px) 62vw, 840px\" \/>\t\t\t\t\t\t\t\t\t\t\t\t\t\t<\/div>\n\t\t\t\t\t\t<\/div>\n\t\t\t\t<\/div>\n\t\t\t\t\t\t<\/div>\n\t\t\t\t\t<\/div>\n\t\t<\/div>\n\t\t\t\t\t\t\t\t<\/div>\n\t\t\t\t\t<\/div>\n\t\t<\/section>\n\t\t\t\t<section class=\"elementor-section elementor-top-section elementor-element elementor-element-70a2b19 elementor-section-boxed elementor-section-height-default elementor-section-height-default\" data-id=\"70a2b19\" data-element_type=\"section\">\n\t\t\t\t\t\t<div class=\"elementor-container elementor-column-gap-default\">\n\t\t\t\t\t\t\t<div class=\"elementor-row\">\n\t\t\t\t\t<div class=\"elementor-column elementor-col-100 elementor-top-column elementor-element elementor-element-a49ebc4\" data-id=\"a49ebc4\" data-element_type=\"column\">\n\t\t\t<div class=\"elementor-column-wrap elementor-element-populated\">\n\t\t\t\t\t\t\t<div class=\"elementor-widget-wrap\">\n\t\t\t\t\t\t<div class=\"elementor-element elementor-element-f3708bb elementor-widget elementor-widget-image\" data-id=\"f3708bb\" data-element_type=\"widget\" data-widget_type=\"image.default\">\n\t\t\t\t<div class=\"elementor-widget-container\">\n\t\t\t\t\t\t\t\t<div class=\"elementor-image\">\n\t\t\t\t\t\t\t\t\t\t\t\t\t<a href=\"http:\/\/reseau-jannoy.fr\/wp-content\/uploads\/2024\/08\/E1.1.1-Declaration-engagement-societe.pdf\" target=\"_blank\">\n\t\t\t\t\t\t\t<img src=\"http:\/\/reseau-jannoy.fr\/wp-content\/uploads\/2024\/05\/Declaration-dengagement.png\" title=\"\" alt=\"\" \/>\t\t\t\t\t\t\t\t<\/a>\n\t\t\t\t\t\t\t\t\t\t\t\t\t\t<\/div>\n\t\t\t\t\t\t<\/div>\n\t\t\t\t<\/div>\n\t\t\t\t\t\t<\/div>\n\t\t\t\t\t<\/div>\n\t\t<\/div>\n\t\t\t\t\t\t\t\t<\/div>\n\t\t\t\t\t<\/div>\n\t\t<\/section>\n\t\t\t\t\t\t\t\t\t<\/div>\n\t\t\t<\/div>\n\t\t\t\t\t<\/div>\n\t\t","protected":false},"excerpt":{"rendered":"<p>Le R\u00e9seau Jannoy est un organisme autoris\u00e9 par la HAS depuis janvier 2023. Notre m\u00e9thodologie d&#8217;\u00e9valuation est fid\u00e8le aux attendus de l&#8217;HAS, &nbsp;et s&#8217;appuie notamment sur le &#8220;Manuel d&#8217;\u00e9valuation de la qualit\u00e9 des ESSMS&#8221; valid\u00e9 le 8 mars 2022 et le &#8220;Cahier des charges applicable aux organismes charg\u00e9s de l&#8217;\u00e9valuation des ESSMS&#8221; &nbsp;du 12 mai &hellip; <a href=\"https:\/\/reseau-jannoy.fr\/?page_id=35\" class=\"more-link\">Continue reading<span class=\"screen-reader-text\"> &#8220;Evaluation &#038; D\u00e9marche Qualit\u00e9&#8221;<\/span><\/a><\/p>\n","protected":false},"author":1,"featured_media":0,"parent":0,"menu_order":0,"comment_status":"closed","ping_status":"closed","template":"","meta":[],"_links":{"self":[{"href":"https:\/\/reseau-jannoy.fr\/index.php?rest_route=\/wp\/v2\/pages\/35"}],"collection":[{"href":"https:\/\/reseau-jannoy.fr\/index.php?rest_route=\/wp\/v2\/pages"}],"about":[{"href":"https:\/\/reseau-jannoy.fr\/index.php?rest_route=\/wp\/v2\/types\/page"}],"author":[{"embeddable":true,"href":"https:\/\/reseau-jannoy.fr\/index.php?rest_route=\/wp\/v2\/users\/1"}],"replies":[{"embeddable":true,"href":"https:\/\/reseau-jannoy.fr\/index.php?rest_route=%2Fwp%2Fv2%2Fcomments&post=35"}],"version-history":[{"count":173,"href":"https:\/\/reseau-jannoy.fr\/index.php?rest_route=\/wp\/v2\/pages\/35\/revisions"}],"predecessor-version":[{"id":1080,"href":"https:\/\/reseau-jannoy.fr\/index.php?rest_route=\/wp\/v2\/pages\/35\/revisions\/1080"}],"wp:attachment":[{"href":"https:\/\/reseau-jannoy.fr\/index.php?rest_route=%2Fwp%2Fv2%2Fmedia&parent=35"}],"curies":[{"name":"wp","href":"https:\/\/api.w.org\/{rel}","templated":true}]}}