{"id":29,"date":"2019-09-03T19:46:32","date_gmt":"2019-09-03T17:46:32","guid":{"rendered":"http:\/\/reseau-jannoy.fr\/?page_id=29"},"modified":"2024-09-24T18:39:45","modified_gmt":"2024-09-24T16:39:45","slug":"formations","status":"publish","type":"page","link":"https:\/\/reseau-jannoy.fr\/?page_id=29","title":{"rendered":"Formation"},"content":{"rendered":"\t\t<div data-elementor-type=\"wp-post\" data-elementor-id=\"29\" class=\"elementor elementor-29\">\n\t\t\t\t\t\t<div class=\"elementor-inner\">\n\t\t\t\t<div class=\"elementor-section-wrap\">\n\t\t\t\t\t\t\t\t\t<section class=\"elementor-section elementor-top-section elementor-element elementor-element-4326c93 elementor-section-boxed elementor-section-height-default elementor-section-height-default\" data-id=\"4326c93\" data-element_type=\"section\">\n\t\t\t\t\t\t<div class=\"elementor-container elementor-column-gap-default\">\n\t\t\t\t\t\t\t<div class=\"elementor-row\">\n\t\t\t\t\t<div class=\"elementor-column elementor-col-100 elementor-top-column elementor-element elementor-element-de0c521\" data-id=\"de0c521\" data-element_type=\"column\">\n\t\t\t<div class=\"elementor-column-wrap elementor-element-populated\">\n\t\t\t\t\t\t\t<div class=\"elementor-widget-wrap\">\n\t\t\t\t\t\t<div class=\"elementor-element elementor-element-3ebfaa9 elementor-widget elementor-widget-text-editor\" data-id=\"3ebfaa9\" data-element_type=\"widget\" data-widget_type=\"text-editor.default\">\n\t\t\t\t<div class=\"elementor-widget-container\">\n\t\t\t\t\t\t\t\t<div class=\"elementor-text-editor elementor-clearfix\">\n\t\t\t\t<p><b>Des formations sur mesure<\/b><\/p><p class=\"MsoNormal\" style=\"caret-color: #000000; color: #000000; font-family: Helvetica; font-size: 14px;\"><span class=\"\" style=\"font-size: 13.5pt;\"><b>Des formations sur mesure<\/b><br \/><\/span><\/p><p class=\"MsoNormal\" style=\"caret-color: #000000; color: #000000; font-family: Helvetica; font-size: 14px;\"><span class=\"\" style=\"font-size: 13.5pt;\">Le r\u00e9seau Jannoy \u00a0vous propose des formations sous forme de stages sur site, de formations rassemblant des professionnels de plusieurs \u00e9tablissements, de s\u00e9minaires ou de colloques.\u00a0<\/span><\/p><p class=\"MsoNormal\" style=\"caret-color: #000000; color: #000000; font-family: Helvetica; font-size: 14px;\"><span style=\"font-size: 13.5pt;\">Elles remplissent les conditions vous permettant de demander un financement de votre OPCO avec la certification QUALIOPI.<\/span><\/p><p style=\"margin: 0cm 0cm 0.0001pt; font-size: medium; font-family: Calibri, sans-serif; caret-color: #000000; color: #000000;\">Vous trouverez ci-dessous des exemples d\u2019actions de formation d\u00e9j\u00e0 r\u00e9alis\u00e9es en sachant que nous vous proposerons chaque fois, sur ces sujets ou d\u2019autres \u00e0 votre demande, des formations sur mesure, adapt\u00e9es \u00e0 vos objectifs et \u00e0 votre situation, en mobilisant les ressources de notre r\u00e9seau.<\/p><p style=\"margin: 0cm 0cm 0.0001pt; font-size: medium; font-family: Calibri, sans-serif; caret-color: #000000; color: #000000;\">Sous r\u00e9serve de l&#8217;accord de financement et de la disponibilit\u00e9 de nos intervenants, nos formations peuvent \u00eatre mises en place dans un d\u00e9lai de 6 semaines.<\/p><p style=\"margin: 0cm 0cm 0.0001pt; font-size: medium; font-family: Calibri, sans-serif; caret-color: #000000; color: #000000;\">\u00a0<\/p>\t\t\t\t\t<\/div>\n\t\t\t\t\t\t<\/div>\n\t\t\t\t<\/div>\n\t\t\t\t\t\t<\/div>\n\t\t\t\t\t<\/div>\n\t\t<\/div>\n\t\t\t\t\t\t\t\t<\/div>\n\t\t\t\t\t<\/div>\n\t\t<\/section>\n\t\t\t\t<section class=\"elementor-section elementor-top-section elementor-element elementor-element-6a266ee elementor-section-boxed elementor-section-height-default elementor-section-height-default\" data-id=\"6a266ee\" data-element_type=\"section\">\n\t\t\t\t\t\t<div class=\"elementor-container elementor-column-gap-default\">\n\t\t\t\t\t\t\t<div class=\"elementor-row\">\n\t\t\t\t\t<div class=\"elementor-column elementor-col-100 elementor-top-column elementor-element elementor-element-11d1ad0\" data-id=\"11d1ad0\" data-element_type=\"column\">\n\t\t\t<div class=\"elementor-column-wrap elementor-element-populated\">\n\t\t\t\t\t\t\t<div class=\"elementor-widget-wrap\">\n\t\t\t\t\t\t<div class=\"elementor-element elementor-element-18d722d elementor-widget elementor-widget-text-editor\" data-id=\"18d722d\" data-element_type=\"widget\" data-widget_type=\"text-editor.default\">\n\t\t\t\t<div class=\"elementor-widget-container\">\n\t\t\t\t\t\t\t\t<div class=\"elementor-text-editor elementor-clearfix\">\n\t\t\t\t<p style=\"text-align: center;\">Pour d\u00e9couvrir nos formations en d\u00e9tail, cliquer sur le catalogue de formation 2024<\/p>\t\t\t\t\t<\/div>\n\t\t\t\t\t\t<\/div>\n\t\t\t\t<\/div>\n\t\t\t\t\t\t<\/div>\n\t\t\t\t\t<\/div>\n\t\t<\/div>\n\t\t\t\t\t\t\t\t<\/div>\n\t\t\t\t\t<\/div>\n\t\t<\/section>\n\t\t\t\t<section class=\"elementor-section elementor-top-section elementor-element elementor-element-e588fc2 elementor-section-boxed elementor-section-height-default elementor-section-height-default\" data-id=\"e588fc2\" data-element_type=\"section\">\n\t\t\t\t\t\t<div class=\"elementor-container elementor-column-gap-default\">\n\t\t\t\t\t\t\t<div class=\"elementor-row\">\n\t\t\t\t\t<div class=\"elementor-column elementor-col-100 elementor-top-column elementor-element elementor-element-b1403d3\" data-id=\"b1403d3\" data-element_type=\"column\">\n\t\t\t<div class=\"elementor-column-wrap elementor-element-populated\">\n\t\t\t\t\t\t\t<div class=\"elementor-widget-wrap\">\n\t\t\t\t\t\t<div class=\"elementor-element elementor-element-79497bb elementor-widget elementor-widget-text-editor\" data-id=\"79497bb\" data-element_type=\"widget\" data-widget_type=\"text-editor.default\">\n\t\t\t\t<div class=\"elementor-widget-container\">\n\t\t\t\t\t\t\t\t<div class=\"elementor-text-editor elementor-clearfix\">\n\t\t\t\t<p><i style=\"caret-color: #000000; color: #000000;\">Pour toute suggestion, difficult\u00e9, al\u00e9a ou r\u00e9clamation, vous pouvez vous adresser \u00e0 M. Philippe DUCALET, webmaster et responsable qualit\u00e9 (voir menu Contact).<\/i><\/p>\t\t\t\t\t<\/div>\n\t\t\t\t\t\t<\/div>\n\t\t\t\t<\/div>\n\t\t\t\t\t\t<\/div>\n\t\t\t\t\t<\/div>\n\t\t<\/div>\n\t\t\t\t\t\t\t\t<\/div>\n\t\t\t\t\t<\/div>\n\t\t<\/section>\n\t\t\t\t<section class=\"elementor-section elementor-top-section elementor-element elementor-element-b910c41 elementor-section-boxed elementor-section-height-default elementor-section-height-default\" data-id=\"b910c41\" data-element_type=\"section\">\n\t\t\t\t\t\t<div class=\"elementor-container elementor-column-gap-default\">\n\t\t\t\t\t\t\t<div class=\"elementor-row\">\n\t\t\t\t\t<div class=\"elementor-column elementor-col-100 elementor-top-column elementor-element elementor-element-0d9df53\" data-id=\"0d9df53\" data-element_type=\"column\">\n\t\t\t<div class=\"elementor-column-wrap elementor-element-populated\">\n\t\t\t\t\t\t\t<div class=\"elementor-widget-wrap\">\n\t\t\t\t\t\t<div class=\"elementor-element elementor-element-dc0781d elementor-widget elementor-widget-image\" data-id=\"dc0781d\" data-element_type=\"widget\" data-widget_type=\"image.default\">\n\t\t\t\t<div class=\"elementor-widget-container\">\n\t\t\t\t\t\t\t\t<div class=\"elementor-image\">\n\t\t\t\t\t\t\t\t\t<figure class=\"wp-caption\">\n\t\t\t\t\t\t\t\t\t\t\t<a href=\"http:\/\/reseau-jannoy.fr\/wp-content\/uploads\/2022\/03\/C7-5_Bilan-pedagogique-2021-1-1.pdf\" target=\"_blank\">\n\t\t\t\t\t\t\t<img width=\"300\" height=\"45\" src=\"https:\/\/reseau-jannoy.fr\/wp-content\/uploads\/2022\/03\/BilanPeda2021_Light-300x45.png\" class=\"attachment-medium size-medium\" alt=\"\" loading=\"lazy\" srcset=\"https:\/\/reseau-jannoy.fr\/wp-content\/uploads\/2022\/03\/BilanPeda2021_Light-300x45.png 300w, https:\/\/reseau-jannoy.fr\/wp-content\/uploads\/2022\/03\/BilanPeda2021_Light.png 502w\" sizes=\"(max-width: 300px) 85vw, 300px\" \/>\t\t\t\t\t\t\t\t<\/a>\n\t\t\t\t\t\t\t\t\t\t\t<figcaption class=\"widget-image-caption wp-caption-text\"><\/figcaption>\n\t\t\t\t\t\t\t\t\t\t<\/figure>\n\t\t\t\t\t\t\t\t<\/div>\n\t\t\t\t\t\t<\/div>\n\t\t\t\t<\/div>\n\t\t\t\t\t\t<\/div>\n\t\t\t\t\t<\/div>\n\t\t<\/div>\n\t\t\t\t\t\t\t\t<\/div>\n\t\t\t\t\t<\/div>\n\t\t<\/section>\n\t\t\t\t<section class=\"elementor-section elementor-top-section elementor-element elementor-element-40e54a1 elementor-section-boxed elementor-section-height-default elementor-section-height-default\" data-id=\"40e54a1\" data-element_type=\"section\">\n\t\t\t\t\t\t<div class=\"elementor-container elementor-column-gap-default\">\n\t\t\t\t\t\t\t<div class=\"elementor-row\">\n\t\t\t\t\t<div class=\"elementor-column elementor-col-100 elementor-top-column elementor-element elementor-element-a7ee0e3\" data-id=\"a7ee0e3\" data-element_type=\"column\">\n\t\t\t<div class=\"elementor-column-wrap elementor-element-populated\">\n\t\t\t\t\t\t\t<div class=\"elementor-widget-wrap\">\n\t\t\t\t\t\t<div class=\"elementor-element elementor-element-8178bd0 elementor-widget elementor-widget-image\" data-id=\"8178bd0\" data-element_type=\"widget\" data-widget_type=\"image.default\">\n\t\t\t\t<div class=\"elementor-widget-container\">\n\t\t\t\t\t\t\t\t<div class=\"elementor-image\">\n\t\t\t\t\t\t\t\t\t<figure class=\"wp-caption\">\n\t\t\t\t\t\t\t\t\t\t\t<a href=\"http:\/\/reseau-jannoy.fr\/wp-content\/uploads\/2023\/10\/rapport-dactivite-2022-3.pdf\" target=\"_blank\">\n\t\t\t\t\t\t\t<img width=\"300\" height=\"43\" src=\"https:\/\/reseau-jannoy.fr\/wp-content\/uploads\/2023\/10\/Bilan-Pedagogique-2022-300x43.png\" class=\"attachment-medium size-medium\" alt=\"\" loading=\"lazy\" srcset=\"https:\/\/reseau-jannoy.fr\/wp-content\/uploads\/2023\/10\/Bilan-Pedagogique-2022-300x43.png 300w, https:\/\/reseau-jannoy.fr\/wp-content\/uploads\/2023\/10\/Bilan-Pedagogique-2022-1024x147.png 1024w, https:\/\/reseau-jannoy.fr\/wp-content\/uploads\/2023\/10\/Bilan-Pedagogique-2022-768x110.png 768w, https:\/\/reseau-jannoy.fr\/wp-content\/uploads\/2023\/10\/Bilan-Pedagogique-2022.png 1140w\" sizes=\"(max-width: 300px) 85vw, 300px\" \/>\t\t\t\t\t\t\t\t<\/a>\n\t\t\t\t\t\t\t\t\t\t\t<figcaption class=\"widget-image-caption wp-caption-text\"><\/figcaption>\n\t\t\t\t\t\t\t\t\t\t<\/figure>\n\t\t\t\t\t\t\t\t<\/div>\n\t\t\t\t\t\t<\/div>\n\t\t\t\t<\/div>\n\t\t\t\t\t\t<\/div>\n\t\t\t\t\t<\/div>\n\t\t<\/div>\n\t\t\t\t\t\t\t\t<\/div>\n\t\t\t\t\t<\/div>\n\t\t<\/section>\n\t\t\t\t<section class=\"elementor-section elementor-top-section elementor-element elementor-element-eff2119 elementor-section-boxed elementor-section-height-default elementor-section-height-default\" data-id=\"eff2119\" data-element_type=\"section\">\n\t\t\t\t\t\t<div class=\"elementor-container elementor-column-gap-default\">\n\t\t\t\t\t\t\t<div class=\"elementor-row\">\n\t\t\t\t\t<div class=\"elementor-column elementor-col-100 elementor-top-column elementor-element elementor-element-0330912\" data-id=\"0330912\" data-element_type=\"column\">\n\t\t\t<div class=\"elementor-column-wrap elementor-element-populated\">\n\t\t\t\t\t\t\t<div class=\"elementor-widget-wrap\">\n\t\t\t\t\t\t<div class=\"elementor-element elementor-element-b1a23ec elementor-widget elementor-widget-image\" data-id=\"b1a23ec\" data-element_type=\"widget\" data-widget_type=\"image.default\">\n\t\t\t\t<div class=\"elementor-widget-container\">\n\t\t\t\t\t\t\t\t<div class=\"elementor-image\">\n\t\t\t\t\t\t\t\t\t<figure class=\"wp-caption\">\n\t\t\t\t\t\t\t\t\t\t\t<a href=\"http:\/\/reseau-jannoy.fr\/wp-content\/uploads\/2024\/09\/rapport-dactivite-2023.pdf\" target=\"_blank\">\n\t\t\t\t\t\t\t<img width=\"300\" height=\"47\" src=\"https:\/\/reseau-jannoy.fr\/wp-content\/uploads\/2024\/09\/Bilan-Pedagogique-2023-1-300x47.png\" class=\"attachment-medium size-medium\" alt=\"\" loading=\"lazy\" srcset=\"https:\/\/reseau-jannoy.fr\/wp-content\/uploads\/2024\/09\/Bilan-Pedagogique-2023-1-300x47.png 300w, https:\/\/reseau-jannoy.fr\/wp-content\/uploads\/2024\/09\/Bilan-Pedagogique-2023-1-768x121.png 768w, https:\/\/reseau-jannoy.fr\/wp-content\/uploads\/2024\/09\/Bilan-Pedagogique-2023-1.png 848w\" sizes=\"(max-width: 300px) 85vw, 300px\" \/>\t\t\t\t\t\t\t\t<\/a>\n\t\t\t\t\t\t\t\t\t\t\t<figcaption class=\"widget-image-caption wp-caption-text\"><\/figcaption>\n\t\t\t\t\t\t\t\t\t\t<\/figure>\n\t\t\t\t\t\t\t\t<\/div>\n\t\t\t\t\t\t<\/div>\n\t\t\t\t<\/div>\n\t\t\t\t\t\t<\/div>\n\t\t\t\t\t<\/div>\n\t\t<\/div>\n\t\t\t\t\t\t\t\t<\/div>\n\t\t\t\t\t<\/div>\n\t\t<\/section>\n\t\t\t\t\t\t\t\t\t<\/div>\n\t\t\t<\/div>\n\t\t\t\t\t<\/div>\n\t\t","protected":false},"excerpt":{"rendered":"<p>Des formations sur mesure Des formations sur mesure Le r\u00e9seau Jannoy \u00a0vous propose des formations sous forme de stages sur site, de formations rassemblant des professionnels de plusieurs \u00e9tablissements, de s\u00e9minaires ou de colloques.\u00a0 Elles remplissent les conditions vous permettant de demander un financement de votre OPCO avec la certification QUALIOPI. Vous trouverez ci-dessous des &hellip; <a href=\"https:\/\/reseau-jannoy.fr\/?page_id=29\" class=\"more-link\">Continue reading<span class=\"screen-reader-text\"> &#8220;Formation&#8221;<\/span><\/a><\/p>\n","protected":false},"author":1,"featured_media":0,"parent":0,"menu_order":0,"comment_status":"closed","ping_status":"closed","template":"","meta":[],"_links":{"self":[{"href":"https:\/\/reseau-jannoy.fr\/index.php?rest_route=\/wp\/v2\/pages\/29"}],"collection":[{"href":"https:\/\/reseau-jannoy.fr\/index.php?rest_route=\/wp\/v2\/pages"}],"about":[{"href":"https:\/\/reseau-jannoy.fr\/index.php?rest_route=\/wp\/v2\/types\/page"}],"author":[{"embeddable":true,"href":"https:\/\/reseau-jannoy.fr\/index.php?rest_route=\/wp\/v2\/users\/1"}],"replies":[{"embeddable":true,"href":"https:\/\/reseau-jannoy.fr\/index.php?rest_route=%2Fwp%2Fv2%2Fcomments&post=29"}],"version-history":[{"count":295,"href":"https:\/\/reseau-jannoy.fr\/index.php?rest_route=\/wp\/v2\/pages\/29\/revisions"}],"predecessor-version":[{"id":1047,"href":"https:\/\/reseau-jannoy.fr\/index.php?rest_route=\/wp\/v2\/pages\/29\/revisions\/1047"}],"wp:attachment":[{"href":"https:\/\/reseau-jannoy.fr\/index.php?rest_route=%2Fwp%2Fv2%2Fmedia&parent=29"}],"curies":[{"name":"wp","href":"https:\/\/api.w.org\/{rel}","templated":true}]}}